{"id":4288,"date":"2020-02-27T14:16:05","date_gmt":"2020-02-27T13:16:05","guid":{"rendered":"https:\/\/fashion4fans.com\/andre-hilgers-tight-drums\/merch\/college-hoodie-herren-unisex\/"},"modified":"2023-09-08T11:56:28","modified_gmt":"2023-09-08T09:56:28","slug":"college-hoodie-herren-unisex","status":"publish","type":"product","link":"https:\/\/fashion4fans.com\/andre-hilgers-tight-drums\/shop\/college-hoodie-herren-unisex\/","title":{"rendered":"College Hoodie Andr\u00e9 Hilgers TIGHT DRUMS"},"content":{"rendered":"<div>\n<p>Doppelsteppn\u00e4hte. Kapuze aus Doppelgewebe mit gleichfarbigen Kordelz\u00fcgen. Rippstrick an den \u00c4rmeln und am Saum. Zertifizierung: Worldwide Responsible Accredited Production (WRAP). Weiche Baumwollstoffseite. Leicht heraustrennbares Label f\u00fcr einfaches Umlabeln. WRAP zertifiziert. SEDEX zertifiziert. Vegan zertifiziert.<\/p>\n<div>WaschanleitungenBei 30\u00b0C in der Maschine waschen. Nicht bleichen. Bei niedriger Temperatur im W\u00e4schetrockner trocknen. Bei mittlerer Hitze b\u00fcgeln. Nicht chemisch reinigen.<\/div>\n<\/div>\n<div><\/div>\n<div class=\"product-description\">Material 80% Baumwolle, 20% Polyester.<\/div>\n<div class=\"product-description\">Grammatur280 g\/m\u00b2<\/div>\n<p>&nbsp;<\/p>\n","protected":false},"excerpt":{"rendered":"<p>Der Andr\u00e9 Hilgers Hoodie sieht nicht nur cool aus, er ist auch mega gem\u00fctlich<\/p>\n","protected":false},"featured_media":4686,"comment_status":"open","ping_status":"closed","template":"","meta":{"_acf_changed":false,"_seopress_robots_primary_cat":"none","_seopress_titles_title":"Der Klassiker unter den Kapuzenpullovern! Versehen mit eurem Bandlogo ein cooles Teil?","_seopress_titles_desc":"Der Klassiker unter den Kapuzenpullovern! Versehen mit eurem Bandlogo ein cooles Teil?","_seopress_robots_index":"","site-sidebar-layout":"default","site-content-layout":"default","ast-site-content-layout":"default","site-content-style":"default","site-sidebar-style":"default","ast-global-header-display":"","ast-banner-title-visibility":"","ast-main-header-display":"","ast-hfb-above-header-display":"","ast-hfb-below-header-display":"","ast-hfb-mobile-header-display":"","site-post-title":"","ast-breadcrumbs-content":"","ast-featured-img":"","footer-sml-layout":"","ast-disable-related-posts":"","theme-transparent-header-meta":"default","adv-header-id-meta":"","stick-header-meta":"default","header-above-stick-meta":"","header-main-stick-meta":"","header-below-stick-meta":"","astra-migrate-meta-layouts":"set","ast-page-background-enabled":"default","ast-page-background-meta":{"desktop":{"background-color":"","background-image":"","background-repeat":"repeat","background-position":"center center","background-size":"auto","background-attachment":"scroll","background-type":"","background-media":"","overlay-type":"","overlay-color":"","overlay-opacity":"","overlay-gradient":""},"tablet":{"background-color":"","background-image":"","background-repeat":"repeat","background-position":"center center","background-size":"auto","background-attachment":"scroll","background-type":"","background-media":"","overlay-type":"","overlay-color":"","overlay-opacity":"","overlay-gradient":""},"mobile":{"background-color":"","background-image":"","background-repeat":"repeat","background-position":"center center","background-size":"auto","background-attachment":"scroll","background-type":"","background-media":"","overlay-type":"","overlay-color":"","overlay-opacity":"","overlay-gradient":""}},"ast-content-background-meta":{"desktop":{"background-color":"var(--ast-global-color-5)","background-image":"","background-repeat":"repeat","background-position":"center center","background-size":"auto","background-attachment":"scroll","background-type":"","background-media":"","overlay-type":"","overlay-color":"","overlay-opacity":"","overlay-gradient":""},"tablet":{"background-color":"var(--ast-global-color-5)","background-image":"","background-repeat":"repeat","background-position":"center center","background-size":"auto","background-attachment":"scroll","background-type":"","background-media":"","overlay-type":"","overlay-color":"","overlay-opacity":"","overlay-gradient":""},"mobile":{"background-color":"var(--ast-global-color-5)","background-image":"","background-repeat":"repeat","background-position":"center center","background-size":"auto","background-attachment":"scroll","background-type":"","background-media":"","overlay-type":"","overlay-color":"","overlay-opacity":"","overlay-gradient":""}}},"product_brand":[],"product_cat":[116,117],"product_tag":[160],"class_list":{"0":"post-4288","1":"product","2":"type-product","3":"status-publish","4":"has-post-thumbnail","6":"product_cat-pullover-sweat","7":"product_cat-hoodies","8":"product_tag-tight-drums-andre-hilgers","9":"product_shipping_class-paket-klein","10":"desktop-align-center","11":"tablet-align-center","12":"mobile-align-center","13":"ast-product-gallery-layout-vertical","14":"ast-product-gallery-with-no-image","15":"ast-product-single-variable","16":"ast-product-tabs-layout-vertical","17":"ast-qv-on-image","19":"first","20":"instock","21":"taxable","22":"shipping-taxable","23":"purchasable","24":"product-type-variable"},"acf":[],"_links":{"self":[{"href":"https:\/\/fashion4fans.com\/andre-hilgers-tight-drums\/wp-json\/wp\/v2\/product\/4288","targetHints":{"allow":["GET"]}}],"collection":[{"href":"https:\/\/fashion4fans.com\/andre-hilgers-tight-drums\/wp-json\/wp\/v2\/product"}],"about":[{"href":"https:\/\/fashion4fans.com\/andre-hilgers-tight-drums\/wp-json\/wp\/v2\/types\/product"}],"replies":[{"embeddable":true,"href":"https:\/\/fashion4fans.com\/andre-hilgers-tight-drums\/wp-json\/wp\/v2\/comments?post=4288"}],"version-history":[{"count":0,"href":"https:\/\/fashion4fans.com\/andre-hilgers-tight-drums\/wp-json\/wp\/v2\/product\/4288\/revisions"}],"wp:featuredmedia":[{"embeddable":true,"href":"https:\/\/fashion4fans.com\/andre-hilgers-tight-drums\/wp-json\/wp\/v2\/media\/4686"}],"wp:attachment":[{"href":"https:\/\/fashion4fans.com\/andre-hilgers-tight-drums\/wp-json\/wp\/v2\/media?parent=4288"}],"wp:term":[{"taxonomy":"product_brand","embeddable":true,"href":"https:\/\/fashion4fans.com\/andre-hilgers-tight-drums\/wp-json\/wp\/v2\/product_brand?post=4288"},{"taxonomy":"product_cat","embeddable":true,"href":"https:\/\/fashion4fans.com\/andre-hilgers-tight-drums\/wp-json\/wp\/v2\/product_cat?post=4288"},{"taxonomy":"product_tag","embeddable":true,"href":"https:\/\/fashion4fans.com\/andre-hilgers-tight-drums\/wp-json\/wp\/v2\/product_tag?post=4288"}],"curies":[{"name":"wp","href":"https:\/\/api.w.org\/{rel}","templated":true}]}}