{"id":3576,"date":"2022-03-08T21:16:14","date_gmt":"2022-03-08T20:16:14","guid":{"rendered":"https:\/\/fashion4fans.com\/fashion4you\/fashion\/heavy-herren-hoodie-mit-logo\/"},"modified":"2023-09-08T11:26:42","modified_gmt":"2023-09-08T09:26:42","slug":"heavy-herren-hoodie-mit-logo","status":"publish","type":"product","link":"https:\/\/fashion4fans.com\/fashion4you\/fashion\/heavy-herren-hoodie-mit-logo\/","title":{"rendered":"Heavy  Hoodie &#8220;peaceful mind&#8221;"},"content":{"rendered":"<p>Der Heavy Hoodie ist ein modischer Begleiter f\u00fcr entspannte Momente. Sein typisch l\u00e4ssiger Schnitt geht eine m\u00fchelose Verbindung zu den charakteristischen Details wie der verstellbaren Kapuze oder der ger\u00e4umigen K\u00e4ngurutasche ein. F\u00fcr einen noch sportlicheren Style sorgen zus\u00e4tzlich breite Rippb\u00fcndchen am Saum und den \u00c4rmelabschl\u00fcssen. <b>Oberstoff 1:<\/b> 65% Baumwolle 35% Polyester, Brushed Fleece, 300 gsm<\/p>\n","protected":false},"excerpt":{"rendered":"<p>Gem\u00fctlicher Heavy Hoodie &#8220;peaceful mind, peaceful heart&#8221;<\/p>\n","protected":false},"featured_media":4040,"comment_status":"closed","ping_status":"closed","template":"","meta":{"_acf_changed":false,"_seopress_robots_primary_cat":"none","_seopress_titles_title":"Heavy Hoodie &quot;peaceful mind&quot;","_seopress_titles_desc":"Heavy Hoodie &quot;peaceful mind&quot;","_seopress_robots_index":"","site-sidebar-layout":"default","site-content-layout":"default","ast-site-content-layout":"default","site-content-style":"default","site-sidebar-style":"default","ast-global-header-display":"","ast-banner-title-visibility":"","ast-main-header-display":"","ast-hfb-above-header-display":"","ast-hfb-below-header-display":"","ast-hfb-mobile-header-display":"","site-post-title":"","ast-breadcrumbs-content":"","ast-featured-img":"","footer-sml-layout":"","ast-disable-related-posts":"","theme-transparent-header-meta":"default","adv-header-id-meta":"","stick-header-meta":"default","header-above-stick-meta":"","header-main-stick-meta":"","header-below-stick-meta":"","astra-migrate-meta-layouts":"set","ast-page-background-enabled":"default","ast-page-background-meta":{"desktop":{"background-color":"","background-image":"","background-repeat":"repeat","background-position":"center center","background-size":"auto","background-attachment":"scroll","background-type":"","background-media":"","overlay-type":"","overlay-color":"","overlay-opacity":"","overlay-gradient":""},"tablet":{"background-color":"","background-image":"","background-repeat":"repeat","background-position":"center center","background-size":"auto","background-attachment":"scroll","background-type":"","background-media":"","overlay-type":"","overlay-color":"","overlay-opacity":"","overlay-gradient":""},"mobile":{"background-color":"","background-image":"","background-repeat":"repeat","background-position":"center center","background-size":"auto","background-attachment":"scroll","background-type":"","background-media":"","overlay-type":"","overlay-color":"","overlay-opacity":"","overlay-gradient":""}},"ast-content-background-meta":{"desktop":{"background-color":"var(--ast-global-color-5)","background-image":"","background-repeat":"repeat","background-position":"center center","background-size":"auto","background-attachment":"scroll","background-type":"","background-media":"","overlay-type":"","overlay-color":"","overlay-opacity":"","overlay-gradient":""},"tablet":{"background-color":"var(--ast-global-color-5)","background-image":"","background-repeat":"repeat","background-position":"center center","background-size":"auto","background-attachment":"scroll","background-type":"","background-media":"","overlay-type":"","overlay-color":"","overlay-opacity":"","overlay-gradient":""},"mobile":{"background-color":"var(--ast-global-color-5)","background-image":"","background-repeat":"repeat","background-position":"center center","background-size":"auto","background-attachment":"scroll","background-type":"","background-media":"","overlay-type":"","overlay-color":"","overlay-opacity":"","overlay-gradient":""}}},"product_brand":[],"product_cat":[49],"product_tag":[131],"class_list":{"0":"post-3576","1":"product","2":"type-product","3":"status-publish","4":"has-post-thumbnail","6":"product_cat-hoodies-hoodie-jacken","7":"product_tag-peaceful-in-mind","8":"product_shipping_class-paket-klein","9":"desktop-align-center","10":"tablet-align-center","11":"mobile-align-center","12":"ast-product-gallery-layout-vertical","13":"ast-product-gallery-with-no-image","14":"ast-product-single-variable","15":"ast-product-tabs-layout-vertical","16":"ast-qv-on-image","18":"first","19":"instock","20":"purchasable","21":"product-type-variable"},"acf":[],"_links":{"self":[{"href":"https:\/\/fashion4fans.com\/fashion4you\/wp-json\/wp\/v2\/product\/3576","targetHints":{"allow":["GET"]}}],"collection":[{"href":"https:\/\/fashion4fans.com\/fashion4you\/wp-json\/wp\/v2\/product"}],"about":[{"href":"https:\/\/fashion4fans.com\/fashion4you\/wp-json\/wp\/v2\/types\/product"}],"replies":[{"embeddable":true,"href":"https:\/\/fashion4fans.com\/fashion4you\/wp-json\/wp\/v2\/comments?post=3576"}],"version-history":[{"count":0,"href":"https:\/\/fashion4fans.com\/fashion4you\/wp-json\/wp\/v2\/product\/3576\/revisions"}],"wp:featuredmedia":[{"embeddable":true,"href":"https:\/\/fashion4fans.com\/fashion4you\/wp-json\/wp\/v2\/media\/4040"}],"wp:attachment":[{"href":"https:\/\/fashion4fans.com\/fashion4you\/wp-json\/wp\/v2\/media?parent=3576"}],"wp:term":[{"taxonomy":"product_brand","embeddable":true,"href":"https:\/\/fashion4fans.com\/fashion4you\/wp-json\/wp\/v2\/product_brand?post=3576"},{"taxonomy":"product_cat","embeddable":true,"href":"https:\/\/fashion4fans.com\/fashion4you\/wp-json\/wp\/v2\/product_cat?post=3576"},{"taxonomy":"product_tag","embeddable":true,"href":"https:\/\/fashion4fans.com\/fashion4you\/wp-json\/wp\/v2\/product_tag?post=3576"}],"curies":[{"name":"wp","href":"https:\/\/api.w.org\/{rel}","templated":true}]}}