{"id":4003,"date":"2022-03-11T14:38:29","date_gmt":"2022-03-11T13:38:29","guid":{"rendered":"https:\/\/fashion4fans.com\/fashion4you\/?post_type=product&#038;p=4003"},"modified":"2022-03-11T14:41:40","modified_gmt":"2022-03-11T13:41:40","slug":"damen-premium-organic-t-shirt-peace-als-zeichen","status":"publish","type":"product","link":"https:\/\/fashion4fans.com\/fashion4you\/fashion\/damen-premium-organic-t-shirt-peace-als-zeichen\/","title":{"rendered":"Damen Premium Organic T-Shirt &#8220;Peace als Zeichen&#8221;"},"content":{"rendered":"<p>T-Shirt, neutrales Gr\u00f6\u00dfenetikett, zertifizierte (Bio-) Baumwolle, Single-Jersey, 100 % Baumwolle, 180 g\/m\u00b2 Modernes Single-Jersey-T-Shirt mit Elasthananteil im feinen Rippb\u00fcndchen, hergestellt aus langstapeliger gek\u00e4mmter zertifizierter (Bio-) Baumwolle und besonders feiner Oberfl\u00e4che.\u00a0 Das T-Shirt ist modern geschnitten und mit Seitenn\u00e4hten gefertigt.<\/p>\n","protected":false},"excerpt":{"rendered":"<p>Tolles Premium Organic Damen T-Shirt &#8220;Peace als Zeichen&#8221;<\/p>\n","protected":false},"featured_media":3995,"comment_status":"closed","ping_status":"closed","template":"","meta":{"_acf_changed":false,"_seopress_robots_primary_cat":"none","_seopress_titles_title":"Damen Premium T-Shirt &quot;peace als Zeichen&quot;","_seopress_titles_desc":"","_seopress_robots_index":"","site-sidebar-layout":"default","site-content-layout":"default","ast-site-content-layout":"default","site-content-style":"default","site-sidebar-style":"default","ast-global-header-display":"","ast-banner-title-visibility":"","ast-main-header-display":"","ast-hfb-above-header-display":"","ast-hfb-below-header-display":"","ast-hfb-mobile-header-display":"","site-post-title":"","ast-breadcrumbs-content":"","ast-featured-img":"","footer-sml-layout":"","ast-disable-related-posts":"","theme-transparent-header-meta":"default","adv-header-id-meta":"","stick-header-meta":"default","header-above-stick-meta":"","header-main-stick-meta":"","header-below-stick-meta":"","astra-migrate-meta-layouts":"default","ast-page-background-enabled":"default","ast-page-background-meta":{"desktop":{"background-color":"","background-image":"","background-repeat":"repeat","background-position":"center center","background-size":"auto","background-attachment":"scroll","background-type":"","background-media":"","overlay-type":"","overlay-color":"","overlay-opacity":"","overlay-gradient":""},"tablet":{"background-color":"","background-image":"","background-repeat":"repeat","background-position":"center center","background-size":"auto","background-attachment":"scroll","background-type":"","background-media":"","overlay-type":"","overlay-color":"","overlay-opacity":"","overlay-gradient":""},"mobile":{"background-color":"","background-image":"","background-repeat":"repeat","background-position":"center center","background-size":"auto","background-attachment":"scroll","background-type":"","background-media":"","overlay-type":"","overlay-color":"","overlay-opacity":"","overlay-gradient":""}},"ast-content-background-meta":{"desktop":{"background-color":"var(--ast-global-color-5)","background-image":"","background-repeat":"repeat","background-position":"center center","background-size":"auto","background-attachment":"scroll","background-type":"","background-media":"","overlay-type":"","overlay-color":"","overlay-opacity":"","overlay-gradient":""},"tablet":{"background-color":"var(--ast-global-color-5)","background-image":"","background-repeat":"repeat","background-position":"center center","background-size":"auto","background-attachment":"scroll","background-type":"","background-media":"","overlay-type":"","overlay-color":"","overlay-opacity":"","overlay-gradient":""},"mobile":{"background-color":"var(--ast-global-color-5)","background-image":"","background-repeat":"repeat","background-position":"center center","background-size":"auto","background-attachment":"scroll","background-type":"","background-media":"","overlay-type":"","overlay-color":"","overlay-opacity":"","overlay-gradient":""}}},"product_brand":[],"product_cat":[61],"product_tag":[130],"class_list":{"0":"post-4003","1":"product","2":"type-product","3":"status-publish","4":"has-post-thumbnail","6":"product_cat-shirts-tops","7":"product_tag-peace-als-zeichen","8":"desktop-align-center","9":"tablet-align-center","10":"mobile-align-center","11":"ast-product-gallery-layout-vertical","12":"ast-product-gallery-with-no-image","13":"ast-product-single-variable","14":"ast-product-tabs-layout-vertical","15":"ast-qv-on-image","17":"first","18":"instock","19":"purchasable","20":"product-type-variable"},"acf":[],"_links":{"self":[{"href":"https:\/\/fashion4fans.com\/fashion4you\/wp-json\/wp\/v2\/product\/4003","targetHints":{"allow":["GET"]}}],"collection":[{"href":"https:\/\/fashion4fans.com\/fashion4you\/wp-json\/wp\/v2\/product"}],"about":[{"href":"https:\/\/fashion4fans.com\/fashion4you\/wp-json\/wp\/v2\/types\/product"}],"replies":[{"embeddable":true,"href":"https:\/\/fashion4fans.com\/fashion4you\/wp-json\/wp\/v2\/comments?post=4003"}],"version-history":[{"count":0,"href":"https:\/\/fashion4fans.com\/fashion4you\/wp-json\/wp\/v2\/product\/4003\/revisions"}],"wp:featuredmedia":[{"embeddable":true,"href":"https:\/\/fashion4fans.com\/fashion4you\/wp-json\/wp\/v2\/media\/3995"}],"wp:attachment":[{"href":"https:\/\/fashion4fans.com\/fashion4you\/wp-json\/wp\/v2\/media?parent=4003"}],"wp:term":[{"taxonomy":"product_brand","embeddable":true,"href":"https:\/\/fashion4fans.com\/fashion4you\/wp-json\/wp\/v2\/product_brand?post=4003"},{"taxonomy":"product_cat","embeddable":true,"href":"https:\/\/fashion4fans.com\/fashion4you\/wp-json\/wp\/v2\/product_cat?post=4003"},{"taxonomy":"product_tag","embeddable":true,"href":"https:\/\/fashion4fans.com\/fashion4you\/wp-json\/wp\/v2\/product_tag?post=4003"}],"curies":[{"name":"wp","href":"https:\/\/api.w.org\/{rel}","templated":true}]}}