{"id":10619,"date":"2023-01-25T13:16:15","date_gmt":"2023-01-25T12:16:15","guid":{"rendered":"https:\/\/fashion4fans.com\/leichtmatrose\/?post_type=product&#038;p=10619"},"modified":"2023-01-25T13:18:44","modified_gmt":"2023-01-25T12:18:44","slug":"button-schwarz-motiv-karma-polizei","status":"publish","type":"product","link":"https:\/\/fashion4fans.com\/leichtmatrose\/shop\/button-schwarz-motiv-karma-polizei\/","title":{"rendered":"Button schwarz Motiv &#8220;Karma Polizei&#8221;"},"content":{"rendered":"<p>An der Jacke, am Hut oder an der Tasche, <strong>37 mm Buttons mit Sicherheitsnadel<\/strong> machen \u00fcberall eine gute Figur.\u00a0 Mit einer Sicherheitsnadel ausgestattet, k\u00f6nnen Sie im Handumdrehen \u00fcberall angesteckt werden. Die einfache Handhabung und die praktische Gr\u00f6\u00dfe bilden eine ideale Kombination.<\/p>\n<p>&nbsp;<\/p>\n","protected":false},"excerpt":{"rendered":"<p>Der &#8220;Karma Polizei&#8221; Button passt \u00fcberall hin, ob auf der Jacke, am Shirt oder der Tasche, einfach ein Hingucker!<\/p>\n","protected":false},"featured_media":10621,"comment_status":"open","ping_status":"closed","template":"","meta":{"_acf_changed":false,"_seopress_robots_primary_cat":"none","_seopress_titles_title":"Button schwarz &quot;Du Disko&quot; leichtmatrose","_seopress_titles_desc":"Der coole Button passt an jede Jacke, Tasche oder wo Ihr ihn sonst tragen m\u00f6gt. ","_seopress_robots_index":"","site-sidebar-layout":"default","site-content-layout":"default","ast-site-content-layout":"default","site-content-style":"default","site-sidebar-style":"default","ast-global-header-display":"","ast-banner-title-visibility":"","ast-main-header-display":"","ast-hfb-above-header-display":"","ast-hfb-below-header-display":"","ast-hfb-mobile-header-display":"","site-post-title":"","ast-breadcrumbs-content":"","ast-featured-img":"","footer-sml-layout":"","ast-disable-related-posts":"","theme-transparent-header-meta":"default","adv-header-id-meta":"","stick-header-meta":"default","header-above-stick-meta":"","header-main-stick-meta":"","header-below-stick-meta":"","astra-migrate-meta-layouts":"default","ast-page-background-enabled":"default","ast-page-background-meta":{"desktop":{"background-color":"","background-image":"","background-repeat":"repeat","background-position":"center center","background-size":"auto","background-attachment":"scroll","background-type":"","background-media":"","overlay-type":"","overlay-color":"","overlay-opacity":"","overlay-gradient":""},"tablet":{"background-color":"","background-image":"","background-repeat":"repeat","background-position":"center center","background-size":"auto","background-attachment":"scroll","background-type":"","background-media":"","overlay-type":"","overlay-color":"","overlay-opacity":"","overlay-gradient":""},"mobile":{"background-color":"","background-image":"","background-repeat":"repeat","background-position":"center center","background-size":"auto","background-attachment":"scroll","background-type":"","background-media":"","overlay-type":"","overlay-color":"","overlay-opacity":"","overlay-gradient":""}},"ast-content-background-meta":{"desktop":{"background-color":"var(--ast-global-color-5)","background-image":"","background-repeat":"repeat","background-position":"center center","background-size":"auto","background-attachment":"scroll","background-type":"","background-media":"","overlay-type":"","overlay-color":"","overlay-opacity":"","overlay-gradient":""},"tablet":{"background-color":"var(--ast-global-color-5)","background-image":"","background-repeat":"repeat","background-position":"center center","background-size":"auto","background-attachment":"scroll","background-type":"","background-media":"","overlay-type":"","overlay-color":"","overlay-opacity":"","overlay-gradient":""},"mobile":{"background-color":"var(--ast-global-color-5)","background-image":"","background-repeat":"repeat","background-position":"center center","background-size":"auto","background-attachment":"scroll","background-type":"","background-media":"","overlay-type":"","overlay-color":"","overlay-opacity":"","overlay-gradient":""}}},"product_brand":[],"product_cat":[146],"product_tag":[288],"class_list":{"0":"post-10619","1":"product","2":"type-product","3":"status-publish","4":"has-post-thumbnail","6":"product_cat-accessories","7":"product_tag-karma-polizei","8":"product_shipping_class-paket-klein","9":"pa_farbe-schwarz","10":"pa_groesse-onesize","11":"pa_print-print-vorne","12":"pa_zielgruppe-unisex","13":"desktop-align-center","14":"tablet-align-center","15":"mobile-align-center","16":"ast-product-gallery-layout-vertical","17":"ast-product-gallery-with-no-image","18":"ast-product-tabs-layout-vertical","19":"ast-qv-on-image","21":"first","22":"instock","23":"featured","24":"taxable","25":"shipping-taxable","26":"purchasable","27":"product-type-simple"},"acf":[],"_links":{"self":[{"href":"https:\/\/fashion4fans.com\/leichtmatrose\/wp-json\/wp\/v2\/product\/10619","targetHints":{"allow":["GET"]}}],"collection":[{"href":"https:\/\/fashion4fans.com\/leichtmatrose\/wp-json\/wp\/v2\/product"}],"about":[{"href":"https:\/\/fashion4fans.com\/leichtmatrose\/wp-json\/wp\/v2\/types\/product"}],"replies":[{"embeddable":true,"href":"https:\/\/fashion4fans.com\/leichtmatrose\/wp-json\/wp\/v2\/comments?post=10619"}],"version-history":[{"count":0,"href":"https:\/\/fashion4fans.com\/leichtmatrose\/wp-json\/wp\/v2\/product\/10619\/revisions"}],"wp:featuredmedia":[{"embeddable":true,"href":"https:\/\/fashion4fans.com\/leichtmatrose\/wp-json\/wp\/v2\/media\/10621"}],"wp:attachment":[{"href":"https:\/\/fashion4fans.com\/leichtmatrose\/wp-json\/wp\/v2\/media?parent=10619"}],"wp:term":[{"taxonomy":"product_brand","embeddable":true,"href":"https:\/\/fashion4fans.com\/leichtmatrose\/wp-json\/wp\/v2\/product_brand?post=10619"},{"taxonomy":"product_cat","embeddable":true,"href":"https:\/\/fashion4fans.com\/leichtmatrose\/wp-json\/wp\/v2\/product_cat?post=10619"},{"taxonomy":"product_tag","embeddable":true,"href":"https:\/\/fashion4fans.com\/leichtmatrose\/wp-json\/wp\/v2\/product_tag?post=10619"}],"curies":[{"name":"wp","href":"https:\/\/api.w.org\/{rel}","templated":true}]}}