{"id":10945,"date":"2023-03-03T13:18:30","date_gmt":"2023-03-03T12:18:30","guid":{"rendered":"https:\/\/fashion4fans.com\/leichtmatrose\/?post_type=product&#038;p=10945"},"modified":"2023-04-29T21:02:51","modified_gmt":"2023-04-29T19:02:51","slug":"kappe-motiv-leichtmatrose","status":"publish","type":"product","link":"https:\/\/fashion4fans.com\/leichtmatrose\/shop\/kappe-motiv-leichtmatrose\/","title":{"rendered":"Kappe Motiv &#8220;leichtmatrose&#8221;"},"content":{"rendered":"<div class=\"collateral-box\">\n<div class=\"product-subtitle\">5 Panel Kappe &#8220;Ultimate&#8221;<\/div>\n<div class=\"product-specs\"><strong>Material:<\/strong> 100% Baumwoll-Drill<\/div>\n<div class=\"product-description\">Vorgeformter Schirm, Frontpanel ohne Naht, gestickte Luftl\u00f6cher, Rip-Strip\u2122 Klettverschluss, nur mit einem Schwamm reinigen, nicht waschen<\/div>\n<\/div>\n<p class=\"sizes\"><strong>Gr\u00f6\u00dfen: <\/strong>onesize<\/p>\n<p>Logo wird gestickt<\/p>\n","protected":false},"excerpt":{"rendered":"<p>Kappe &#8220;leichtmatrose&#8221;<\/p>\n","protected":false},"featured_media":10938,"comment_status":"open","ping_status":"closed","template":"","meta":{"_acf_changed":false,"_seopress_robots_primary_cat":"","_seopress_titles_title":"Kappe Motiv &quot;leichtmatrose&quot;","_seopress_titles_desc":"Mit der sch\u00f6nen leichtmatrose Kappe seid Ihr f\u00fcr jedes Wetter ger\u00fcstet, ob Regen oder Sonne, sie ist f\u00fcr jede Gelegenheit geeignet","_seopress_robots_index":"","site-sidebar-layout":"default","site-content-layout":"default","ast-site-content-layout":"default","site-content-style":"default","site-sidebar-style":"default","ast-global-header-display":"","ast-banner-title-visibility":"","ast-main-header-display":"","ast-hfb-above-header-display":"","ast-hfb-below-header-display":"","ast-hfb-mobile-header-display":"","site-post-title":"","ast-breadcrumbs-content":"","ast-featured-img":"","footer-sml-layout":"","ast-disable-related-posts":"","theme-transparent-header-meta":"default","adv-header-id-meta":"","stick-header-meta":"","header-above-stick-meta":"","header-main-stick-meta":"","header-below-stick-meta":"","astra-migrate-meta-layouts":"default","ast-page-background-enabled":"default","ast-page-background-meta":{"desktop":{"background-color":"","background-image":"","background-repeat":"repeat","background-position":"center center","background-size":"auto","background-attachment":"scroll","background-type":"","background-media":"","overlay-type":"","overlay-color":"","overlay-opacity":"","overlay-gradient":""},"tablet":{"background-color":"","background-image":"","background-repeat":"repeat","background-position":"center center","background-size":"auto","background-attachment":"scroll","background-type":"","background-media":"","overlay-type":"","overlay-color":"","overlay-opacity":"","overlay-gradient":""},"mobile":{"background-color":"","background-image":"","background-repeat":"repeat","background-position":"center center","background-size":"auto","background-attachment":"scroll","background-type":"","background-media":"","overlay-type":"","overlay-color":"","overlay-opacity":"","overlay-gradient":""}},"ast-content-background-meta":{"desktop":{"background-color":"var(--ast-global-color-5)","background-image":"","background-repeat":"repeat","background-position":"center center","background-size":"auto","background-attachment":"scroll","background-type":"","background-media":"","overlay-type":"","overlay-color":"","overlay-opacity":"","overlay-gradient":""},"tablet":{"background-color":"var(--ast-global-color-5)","background-image":"","background-repeat":"repeat","background-position":"center center","background-size":"auto","background-attachment":"scroll","background-type":"","background-media":"","overlay-type":"","overlay-color":"","overlay-opacity":"","overlay-gradient":""},"mobile":{"background-color":"var(--ast-global-color-5)","background-image":"","background-repeat":"repeat","background-position":"center center","background-size":"auto","background-attachment":"scroll","background-type":"","background-media":"","overlay-type":"","overlay-color":"","overlay-opacity":"","overlay-gradient":""}}},"product_brand":[],"product_cat":[146],"product_tag":[173,177],"class_list":{"0":"post-10945","1":"product","2":"type-product","3":"status-publish","4":"has-post-thumbnail","6":"product_cat-accessories","7":"product_tag-neu-im-shop","8":"product_tag-motiv-leichtmatrose","9":"product_shipping_class-paket-klein","10":"pa_farbe-schwarz","11":"pa_groesse-onesize","12":"pa_zielgruppe-unisex","13":"desktop-align-center","14":"tablet-align-center","15":"mobile-align-center","16":"ast-product-gallery-layout-vertical","17":"ast-product-gallery-with-no-image","18":"ast-product-tabs-layout-vertical","19":"ast-qv-on-image","21":"first","22":"instock","23":"purchasable","24":"product-type-simple"},"acf":[],"_links":{"self":[{"href":"https:\/\/fashion4fans.com\/leichtmatrose\/wp-json\/wp\/v2\/product\/10945","targetHints":{"allow":["GET"]}}],"collection":[{"href":"https:\/\/fashion4fans.com\/leichtmatrose\/wp-json\/wp\/v2\/product"}],"about":[{"href":"https:\/\/fashion4fans.com\/leichtmatrose\/wp-json\/wp\/v2\/types\/product"}],"replies":[{"embeddable":true,"href":"https:\/\/fashion4fans.com\/leichtmatrose\/wp-json\/wp\/v2\/comments?post=10945"}],"version-history":[{"count":0,"href":"https:\/\/fashion4fans.com\/leichtmatrose\/wp-json\/wp\/v2\/product\/10945\/revisions"}],"wp:featuredmedia":[{"embeddable":true,"href":"https:\/\/fashion4fans.com\/leichtmatrose\/wp-json\/wp\/v2\/media\/10938"}],"wp:attachment":[{"href":"https:\/\/fashion4fans.com\/leichtmatrose\/wp-json\/wp\/v2\/media?parent=10945"}],"wp:term":[{"taxonomy":"product_brand","embeddable":true,"href":"https:\/\/fashion4fans.com\/leichtmatrose\/wp-json\/wp\/v2\/product_brand?post=10945"},{"taxonomy":"product_cat","embeddable":true,"href":"https:\/\/fashion4fans.com\/leichtmatrose\/wp-json\/wp\/v2\/product_cat?post=10945"},{"taxonomy":"product_tag","embeddable":true,"href":"https:\/\/fashion4fans.com\/leichtmatrose\/wp-json\/wp\/v2\/product_tag?post=10945"}],"curies":[{"name":"wp","href":"https:\/\/api.w.org\/{rel}","templated":true}]}}