{"id":5831,"date":"2020-02-15T21:06:57","date_gmt":"2020-02-15T20:06:57","guid":{"rendered":"https:\/\/fashion4fans.com\/leichtmatrose\/merch\/tank-top-damen-140g\/"},"modified":"2023-08-31T18:39:44","modified_gmt":"2023-08-31T16:39:44","slug":"tank-top-damen-liebe-leichtmatrose","status":"publish","type":"product","link":"https:\/\/fashion4fans.com\/leichtmatrose\/shop\/tank-top-damen-liebe-leichtmatrose\/","title":{"rendered":"Organic Tank Top Damen Motiv &#8220;Liebe&#8221;"},"content":{"rendered":"<div class=\"product-desc\">\n<div id=\"ctl00_ctl00_cph1_cph1_RalawiseVariantsInGrid1_ctrlProductInfo_pnlProductExtraData\">\n<div><strong>Beschreibung:<\/strong><br \/>\nIconic Damen-Tanktop | Ohne \u00c4rmel | 1&#215;1 Rippstrick-Einfassung an Halsausschnitt und \u00c4rmelans\u00e4tzen, schmale Doppelabsteppung | Abgesetztes Nackenband | Schmale Doppelabsteppung am unterem Saum<\/p>\n<p><strong>Pflegehinweise:<\/strong><br \/>\nMit \u00e4hnlichen Farben waschen, Aufdruck nicht b\u00fcgeln, auf links waschen und b\u00fcgeln. Trocknen: Nicht im Trommeltrockner trocknen Waschen: 30\u00b0 B\u00fcgeln: 110\u00b0<\/p>\n<p><strong>Zusammensetzung:<\/strong><br \/>\n100% gek\u00e4mmte ringgesponnene Bio-Baumwolle<\/div>\n<div><\/div>\n<\/div>\n<\/div>\n","protected":false},"excerpt":{"rendered":"<p>Das Damen Top f\u00fcr die hei\u00dfen Tage! Motiv &#8220;Liebe&#8221;<\/p>\n","protected":false},"featured_media":6588,"comment_status":"open","ping_status":"closed","template":"","meta":{"_acf_changed":false,"_seopress_robots_primary_cat":"none","_seopress_titles_title":"Cooles Top f\u00fcr die hei\u00dfen Tage?","_seopress_titles_desc":"Cooles Tank Top f\u00fcr die hei\u00dfen Tage?","_seopress_robots_index":"","site-sidebar-layout":"default","site-content-layout":"default","ast-site-content-layout":"default","site-content-style":"default","site-sidebar-style":"default","ast-global-header-display":"","ast-banner-title-visibility":"","ast-main-header-display":"","ast-hfb-above-header-display":"","ast-hfb-below-header-display":"","ast-hfb-mobile-header-display":"","site-post-title":"","ast-breadcrumbs-content":"","ast-featured-img":"","footer-sml-layout":"","ast-disable-related-posts":"","theme-transparent-header-meta":"default","adv-header-id-meta":"","stick-header-meta":"default","header-above-stick-meta":"","header-main-stick-meta":"","header-below-stick-meta":"","astra-migrate-meta-layouts":"default","ast-page-background-enabled":"default","ast-page-background-meta":{"desktop":{"background-color":"","background-image":"","background-repeat":"repeat","background-position":"center center","background-size":"auto","background-attachment":"scroll","background-type":"","background-media":"","overlay-type":"","overlay-color":"","overlay-opacity":"","overlay-gradient":""},"tablet":{"background-color":"","background-image":"","background-repeat":"repeat","background-position":"center center","background-size":"auto","background-attachment":"scroll","background-type":"","background-media":"","overlay-type":"","overlay-color":"","overlay-opacity":"","overlay-gradient":""},"mobile":{"background-color":"","background-image":"","background-repeat":"repeat","background-position":"center center","background-size":"auto","background-attachment":"scroll","background-type":"","background-media":"","overlay-type":"","overlay-color":"","overlay-opacity":"","overlay-gradient":""}},"ast-content-background-meta":{"desktop":{"background-color":"var(--ast-global-color-5)","background-image":"","background-repeat":"repeat","background-position":"center center","background-size":"auto","background-attachment":"scroll","background-type":"","background-media":"","overlay-type":"","overlay-color":"","overlay-opacity":"","overlay-gradient":""},"tablet":{"background-color":"var(--ast-global-color-5)","background-image":"","background-repeat":"repeat","background-position":"center center","background-size":"auto","background-attachment":"scroll","background-type":"","background-media":"","overlay-type":"","overlay-color":"","overlay-opacity":"","overlay-gradient":""},"mobile":{"background-color":"var(--ast-global-color-5)","background-image":"","background-repeat":"repeat","background-position":"center center","background-size":"auto","background-attachment":"scroll","background-type":"","background-media":"","overlay-type":"","overlay-color":"","overlay-opacity":"","overlay-gradient":""}}},"product_brand":[],"product_cat":[147,151],"product_tag":[149,176],"class_list":{"0":"post-5831","1":"product","2":"type-product","3":"status-publish","4":"has-post-thumbnail","6":"product_cat-shirts-tops","7":"product_cat-tops","8":"product_tag-organic","9":"product_tag-motiv-liebe","10":"product_shipping_class-paket-klein","11":"pa_farbe-schwarz","12":"pa_groesse-s","13":"pa_groesse-m","14":"pa_groesse-l","15":"pa_groesse-xl","16":"pa_groesse-xxl","17":"pa_print-print-vorne","18":"pa_zielgruppe-damen","19":"desktop-align-center","20":"tablet-align-center","21":"mobile-align-center","22":"ast-product-gallery-layout-vertical","23":"ast-product-gallery-with-no-image","24":"ast-product-single-variable","25":"ast-product-tabs-layout-vertical","26":"ast-qv-on-image","28":"first","29":"instock","30":"taxable","31":"shipping-taxable","32":"purchasable","33":"product-type-variable"},"acf":[],"_links":{"self":[{"href":"https:\/\/fashion4fans.com\/leichtmatrose\/wp-json\/wp\/v2\/product\/5831","targetHints":{"allow":["GET"]}}],"collection":[{"href":"https:\/\/fashion4fans.com\/leichtmatrose\/wp-json\/wp\/v2\/product"}],"about":[{"href":"https:\/\/fashion4fans.com\/leichtmatrose\/wp-json\/wp\/v2\/types\/product"}],"replies":[{"embeddable":true,"href":"https:\/\/fashion4fans.com\/leichtmatrose\/wp-json\/wp\/v2\/comments?post=5831"}],"version-history":[{"count":0,"href":"https:\/\/fashion4fans.com\/leichtmatrose\/wp-json\/wp\/v2\/product\/5831\/revisions"}],"wp:featuredmedia":[{"embeddable":true,"href":"https:\/\/fashion4fans.com\/leichtmatrose\/wp-json\/wp\/v2\/media\/6588"}],"wp:attachment":[{"href":"https:\/\/fashion4fans.com\/leichtmatrose\/wp-json\/wp\/v2\/media?parent=5831"}],"wp:term":[{"taxonomy":"product_brand","embeddable":true,"href":"https:\/\/fashion4fans.com\/leichtmatrose\/wp-json\/wp\/v2\/product_brand?post=5831"},{"taxonomy":"product_cat","embeddable":true,"href":"https:\/\/fashion4fans.com\/leichtmatrose\/wp-json\/wp\/v2\/product_cat?post=5831"},{"taxonomy":"product_tag","embeddable":true,"href":"https:\/\/fashion4fans.com\/leichtmatrose\/wp-json\/wp\/v2\/product_tag?post=5831"}],"curies":[{"name":"wp","href":"https:\/\/api.w.org\/{rel}","templated":true}]}}