{"id":6196,"date":"2020-06-11T19:42:09","date_gmt":"2020-06-11T17:42:09","guid":{"rendered":"https:\/\/fashion4fans.com\/leichtmatrose\/merch\/kinder-t-shirt-145g-schwarz\/"},"modified":"2020-07-05T16:11:38","modified_gmt":"2020-07-05T14:11:38","slug":"kinder-t-shirt-leichtmatrose","status":"publish","type":"product","link":"https:\/\/fashion4fans.com\/leichtmatrose\/shop\/kinder-t-shirt-leichtmatrose\/","title":{"rendered":"Kinder T-Shirt Motiv &#8220;leichtmatrose&#8221;"},"content":{"rendered":"<div class=\"manufacturer-product-code\">Mit diesem T-Shirt kann auch schon der Nachwuchs zeigen auf welche Musik sie so stehen!<\/div>\n<div id=\"ctl00_ctl00_cph1_cph1_RalawiseVariantsInGrid1_ctrlProductInfo_pnlProductExtraData\">\n<div class=\"fulldescription\">\u00a0Das T-Shirt ist aus hochwertiger 100 % ringgesponnener Baumwolle im Single-Jersey gefertigt und bietet dank des weichen und flie\u00dfenden Stoffes ein angenehmes Tragegef\u00fchl. Der exklusive gerippte Kragen mit Elasthan sorgt f\u00fcr hohe Formbest\u00e4ndigkeit und macht es zum perfekten klassischen T-Shirt f\u00fcr Kinder.<br \/>\nMaterial:<br \/>\n100% Baumwolle<br \/>\nGewicht<br \/>\n145\u00a0g\/m\u00b2<\/div>\n<div class=\"clearleft\"><\/div>\n<div class=\"sizeDescription\">\n<p><b>Gr\u00f6\u00dfenangaben f\u00fcr die Bestellung: 1\/2<\/b> 82\/90cm <b>3\/4<\/b> 98\/104cm <b>5\/6<\/b> 110\/116cm <b>7\/8<\/b> 122\/128cm <b>9\/11<\/b> 134\/146cm <b>12\/14<\/b> 152\/164cm<\/p>\n<\/div>\n<\/div>\n","protected":false},"excerpt":{"rendered":"<p>Jetzt k\u00f6nnen eure Kids auch schon zeigen wer die coolste Band ist:-)<\/p>\n","protected":false},"featured_media":6735,"comment_status":"open","ping_status":"closed","template":"","meta":{"_acf_changed":false,"_seopress_robots_primary_cat":"","_seopress_titles_title":"","_seopress_titles_desc":"","_seopress_robots_index":"","site-sidebar-layout":"default","site-content-layout":"default","ast-site-content-layout":"default","site-content-style":"default","site-sidebar-style":"default","ast-global-header-display":"","ast-banner-title-visibility":"","ast-main-header-display":"","ast-hfb-above-header-display":"","ast-hfb-below-header-display":"","ast-hfb-mobile-header-display":"","site-post-title":"","ast-breadcrumbs-content":"","ast-featured-img":"","footer-sml-layout":"","ast-disable-related-posts":"","theme-transparent-header-meta":"default","adv-header-id-meta":"","stick-header-meta":"default","header-above-stick-meta":"","header-main-stick-meta":"","header-below-stick-meta":"","astra-migrate-meta-layouts":"default","ast-page-background-enabled":"default","ast-page-background-meta":{"desktop":{"background-color":"","background-image":"","background-repeat":"repeat","background-position":"center center","background-size":"auto","background-attachment":"scroll","background-type":"","background-media":"","overlay-type":"","overlay-color":"","overlay-opacity":"","overlay-gradient":""},"tablet":{"background-color":"","background-image":"","background-repeat":"repeat","background-position":"center center","background-size":"auto","background-attachment":"scroll","background-type":"","background-media":"","overlay-type":"","overlay-color":"","overlay-opacity":"","overlay-gradient":""},"mobile":{"background-color":"","background-image":"","background-repeat":"repeat","background-position":"center center","background-size":"auto","background-attachment":"scroll","background-type":"","background-media":"","overlay-type":"","overlay-color":"","overlay-opacity":"","overlay-gradient":""}},"ast-content-background-meta":{"desktop":{"background-color":"var(--ast-global-color-5)","background-image":"","background-repeat":"repeat","background-position":"center center","background-size":"auto","background-attachment":"scroll","background-type":"","background-media":"","overlay-type":"","overlay-color":"","overlay-opacity":"","overlay-gradient":""},"tablet":{"background-color":"var(--ast-global-color-5)","background-image":"","background-repeat":"repeat","background-position":"center center","background-size":"auto","background-attachment":"scroll","background-type":"","background-media":"","overlay-type":"","overlay-color":"","overlay-opacity":"","overlay-gradient":""},"mobile":{"background-color":"var(--ast-global-color-5)","background-image":"","background-repeat":"repeat","background-position":"center center","background-size":"auto","background-attachment":"scroll","background-type":"","background-media":"","overlay-type":"","overlay-color":"","overlay-opacity":"","overlay-gradient":""}}},"product_brand":[],"product_cat":[156],"product_tag":[173,177],"class_list":{"0":"post-6196","1":"product","2":"type-product","3":"status-publish","4":"has-post-thumbnail","6":"product_cat-kinder-baby-textilien","7":"product_tag-neu-im-shop","8":"product_tag-motiv-leichtmatrose","9":"product_shipping_class-paket-klein","10":"pa_farbe-schwarz","11":"pa_kinder-groesse-1-2-jahre","12":"pa_kinder-groesse-3-4-jahre","13":"pa_kinder-groesse-5-6-jahre","14":"pa_kinder-groesse-7-8-jahre","15":"pa_kinder-groesse-9-11jahre","16":"pa_kinder-groesse-12-13-jahre","17":"pa_print-print-vorne","18":"pa_zielgruppe-kinder","19":"desktop-align-center","20":"tablet-align-center","21":"mobile-align-center","22":"ast-product-gallery-layout-vertical","23":"ast-product-gallery-with-no-image","24":"ast-product-single-variable","25":"ast-product-tabs-layout-vertical","26":"ast-qv-on-image","28":"first","29":"instock","30":"taxable","31":"shipping-taxable","32":"purchasable","33":"product-type-variable"},"acf":[],"_links":{"self":[{"href":"https:\/\/fashion4fans.com\/leichtmatrose\/wp-json\/wp\/v2\/product\/6196","targetHints":{"allow":["GET"]}}],"collection":[{"href":"https:\/\/fashion4fans.com\/leichtmatrose\/wp-json\/wp\/v2\/product"}],"about":[{"href":"https:\/\/fashion4fans.com\/leichtmatrose\/wp-json\/wp\/v2\/types\/product"}],"replies":[{"embeddable":true,"href":"https:\/\/fashion4fans.com\/leichtmatrose\/wp-json\/wp\/v2\/comments?post=6196"}],"version-history":[{"count":0,"href":"https:\/\/fashion4fans.com\/leichtmatrose\/wp-json\/wp\/v2\/product\/6196\/revisions"}],"wp:featuredmedia":[{"embeddable":true,"href":"https:\/\/fashion4fans.com\/leichtmatrose\/wp-json\/wp\/v2\/media\/6735"}],"wp:attachment":[{"href":"https:\/\/fashion4fans.com\/leichtmatrose\/wp-json\/wp\/v2\/media?parent=6196"}],"wp:term":[{"taxonomy":"product_brand","embeddable":true,"href":"https:\/\/fashion4fans.com\/leichtmatrose\/wp-json\/wp\/v2\/product_brand?post=6196"},{"taxonomy":"product_cat","embeddable":true,"href":"https:\/\/fashion4fans.com\/leichtmatrose\/wp-json\/wp\/v2\/product_cat?post=6196"},{"taxonomy":"product_tag","embeddable":true,"href":"https:\/\/fashion4fans.com\/leichtmatrose\/wp-json\/wp\/v2\/product_tag?post=6196"}],"curies":[{"name":"wp","href":"https:\/\/api.w.org\/{rel}","templated":true}]}}