{"id":9256,"date":"2021-05-22T16:31:29","date_gmt":"2021-05-22T14:31:29","guid":{"rendered":"https:\/\/fashion4fans.com\/leichtmatrose\/?post_type=product&#038;p=9256"},"modified":"2023-08-23T10:19:32","modified_gmt":"2023-08-23T08:19:32","slug":"organic-college-hoodie-kinder-motiv-karma-polizei","status":"publish","type":"product","link":"https:\/\/fashion4fans.com\/leichtmatrose\/shop\/organic-college-hoodie-kinder-motiv-karma-polizei\/","title":{"rendered":"College Hoodie Kinder Motiv &#8220;Karma Polizei&#8221;"},"content":{"rendered":"<div class=\"product-desc\">\n<div id=\"ctl00_ctl00_cph1_cph1_RalawiseVariantsInGrid1_ctrlProductInfo_pnlProductExtraData\">\n<div class=\"fulldescription\">Doppellagige Kapuze | B\u00fcndchen an \u00c4rmeln und Saum | Keine Zugb\u00e4nder in Kapuze gem. aktuellem EU Recht | K\u00e4ngurutasche | Innen angeraut | Heraustrennbares Etikett erm\u00f6glicht<\/p>\n<p><strong>Pflegehinweise:<\/strong><br \/>\nB\u00fcgeln erlaubt|Trockner geeignet|30 \u00b0C waschbar<\/p>\n<p><strong>Zusammensetzung:<\/strong><br \/>\n80% Baumwolle \/ 20% Polyester<\/div>\n<div class=\"clearleft\"><\/div>\n<div class=\"sizeDescription\"><b>Gr\u00f6\u00dfe<\/b><br \/>\n<b>3\/4<\/b> 98\/104cm <b>5\/6<\/b> 110\/116cm <b>7\/8<\/b> 122\/128cm <b>9\/11<\/b> 134\/146cm <b>12\/13<\/b> 152\/158cm<\/div>\n<\/div>\n<\/div>\n","protected":false},"excerpt":{"rendered":"<p>College Hoodie Kinder Motiv &#8220;Karma Polizei&#8221;<\/p>\n","protected":false},"featured_media":9370,"comment_status":"open","ping_status":"closed","template":"","meta":{"_acf_changed":false,"_seopress_robots_primary_cat":"none","_seopress_titles_title":"Lasst den Nachwuchs eure Band in die Welt tragen- cooler Kinderhoodie","_seopress_titles_desc":"Mit diesem coolen Kinder Kapuzenpullover tragen schon die j\u00fcngsten eure Band in die Welt, cooler geht es kaum\u270c","_seopress_robots_index":"","site-sidebar-layout":"default","site-content-layout":"default","ast-site-content-layout":"default","site-content-style":"default","site-sidebar-style":"default","ast-global-header-display":"","ast-banner-title-visibility":"","ast-main-header-display":"","ast-hfb-above-header-display":"","ast-hfb-below-header-display":"","ast-hfb-mobile-header-display":"","site-post-title":"","ast-breadcrumbs-content":"","ast-featured-img":"","footer-sml-layout":"","ast-disable-related-posts":"","theme-transparent-header-meta":"default","adv-header-id-meta":"","stick-header-meta":"default","header-above-stick-meta":"","header-main-stick-meta":"","header-below-stick-meta":"","astra-migrate-meta-layouts":"default","ast-page-background-enabled":"default","ast-page-background-meta":{"desktop":{"background-color":"","background-image":"","background-repeat":"repeat","background-position":"center center","background-size":"auto","background-attachment":"scroll","background-type":"","background-media":"","overlay-type":"","overlay-color":"","overlay-opacity":"","overlay-gradient":""},"tablet":{"background-color":"","background-image":"","background-repeat":"repeat","background-position":"center center","background-size":"auto","background-attachment":"scroll","background-type":"","background-media":"","overlay-type":"","overlay-color":"","overlay-opacity":"","overlay-gradient":""},"mobile":{"background-color":"","background-image":"","background-repeat":"repeat","background-position":"center center","background-size":"auto","background-attachment":"scroll","background-type":"","background-media":"","overlay-type":"","overlay-color":"","overlay-opacity":"","overlay-gradient":""}},"ast-content-background-meta":{"desktop":{"background-color":"var(--ast-global-color-5)","background-image":"","background-repeat":"repeat","background-position":"center center","background-size":"auto","background-attachment":"scroll","background-type":"","background-media":"","overlay-type":"","overlay-color":"","overlay-opacity":"","overlay-gradient":""},"tablet":{"background-color":"var(--ast-global-color-5)","background-image":"","background-repeat":"repeat","background-position":"center center","background-size":"auto","background-attachment":"scroll","background-type":"","background-media":"","overlay-type":"","overlay-color":"","overlay-opacity":"","overlay-gradient":""},"mobile":{"background-color":"var(--ast-global-color-5)","background-image":"","background-repeat":"repeat","background-position":"center center","background-size":"auto","background-attachment":"scroll","background-type":"","background-media":"","overlay-type":"","overlay-color":"","overlay-opacity":"","overlay-gradient":""}}},"product_brand":[],"product_cat":[156],"product_tag":[149,173,207],"class_list":{"0":"post-9256","1":"product","2":"type-product","3":"status-publish","4":"has-post-thumbnail","6":"product_cat-kinder-baby-textilien","7":"product_tag-organic","8":"product_tag-neu-im-shop","9":"product_tag-motiv-karma-polizei","10":"product_shipping_class-paket-klein","11":"pa_farbe-schwarz","12":"pa_kinder-groesse-3-4-jahre","13":"pa_kinder-groesse-5-6-jahre","14":"pa_kinder-groesse-7-8-jahre","15":"pa_kinder-groesse-9-11jahre","16":"pa_kinder-groesse-12-13-jahre","17":"pa_print-print-vorne","18":"pa_zielgruppe-kinder","19":"desktop-align-center","20":"tablet-align-center","21":"mobile-align-center","22":"ast-product-gallery-layout-vertical","23":"ast-product-single-variable","24":"ast-product-tabs-layout-vertical","25":"ast-qv-on-image","27":"first","28":"instock","29":"taxable","30":"shipping-taxable","31":"purchasable","32":"product-type-variable"},"acf":[],"_links":{"self":[{"href":"https:\/\/fashion4fans.com\/leichtmatrose\/wp-json\/wp\/v2\/product\/9256","targetHints":{"allow":["GET"]}}],"collection":[{"href":"https:\/\/fashion4fans.com\/leichtmatrose\/wp-json\/wp\/v2\/product"}],"about":[{"href":"https:\/\/fashion4fans.com\/leichtmatrose\/wp-json\/wp\/v2\/types\/product"}],"replies":[{"embeddable":true,"href":"https:\/\/fashion4fans.com\/leichtmatrose\/wp-json\/wp\/v2\/comments?post=9256"}],"version-history":[{"count":0,"href":"https:\/\/fashion4fans.com\/leichtmatrose\/wp-json\/wp\/v2\/product\/9256\/revisions"}],"wp:featuredmedia":[{"embeddable":true,"href":"https:\/\/fashion4fans.com\/leichtmatrose\/wp-json\/wp\/v2\/media\/9370"}],"wp:attachment":[{"href":"https:\/\/fashion4fans.com\/leichtmatrose\/wp-json\/wp\/v2\/media?parent=9256"}],"wp:term":[{"taxonomy":"product_brand","embeddable":true,"href":"https:\/\/fashion4fans.com\/leichtmatrose\/wp-json\/wp\/v2\/product_brand?post=9256"},{"taxonomy":"product_cat","embeddable":true,"href":"https:\/\/fashion4fans.com\/leichtmatrose\/wp-json\/wp\/v2\/product_cat?post=9256"},{"taxonomy":"product_tag","embeddable":true,"href":"https:\/\/fashion4fans.com\/leichtmatrose\/wp-json\/wp\/v2\/product_tag?post=9256"}],"curies":[{"name":"wp","href":"https:\/\/api.w.org\/{rel}","templated":true}]}}