{"id":9277,"date":"2021-05-22T16:39:23","date_gmt":"2021-05-22T14:39:23","guid":{"rendered":"https:\/\/fashion4fans.com\/leichtmatrose\/?post_type=product&#038;p=9277"},"modified":"2023-08-23T11:20:49","modified_gmt":"2023-08-23T09:20:49","slug":"kinder-t-shirt-motiv-karma-polizei","status":"publish","type":"product","link":"https:\/\/fashion4fans.com\/leichtmatrose\/shop\/kinder-t-shirt-motiv-karma-polizei\/","title":{"rendered":"Kinder T-Shirt Motiv &#8220;Karma Polizei&#8221;"},"content":{"rendered":"<p><strong>Beschreibung:<\/strong><br \/>\nSingle Jersey, Rundhalsausschnitt, B\u00fcndchen mit Elasthan | Mit Seitennaht | Tear off!\u00ae &#8211; Label |<\/p>\n<p>&nbsp;<\/p>\n<p>| XS: 98\/104 l S: 110\/116 l M: 122\/128 l L: 134\/140 l XL: 146\/152 l XXL: 158\/164<\/p>\n<p><strong>Pflegehinweise:<\/strong><br \/>\nB\u00fcgeln mit einer H\u00f6chsttemperatur der B\u00fcgeleisensohle von 110\u00b0C | Maximale Waschtemperatur 40\u00b0C, Normalwaschgang | Nicht Bleichen | Nicht trockenreinigen | Nicht im W\u00e4schetrockner\/Tumbler trocknen<\/p>\n<p><strong>Zusammensetzung:<\/strong><br \/>\nBaumwolle | Rundhals | Tear off!\u00ae Label<\/p>\n","protected":false},"excerpt":{"rendered":"<p>Jetzt k\u00f6nnen eure Kids auch schon zeigen wer die coolste Band ist:-)<\/p>\n","protected":false},"featured_media":9368,"comment_status":"open","ping_status":"closed","template":"","meta":{"_acf_changed":false,"_seopress_robots_primary_cat":"none","_seopress_titles_title":"","_seopress_titles_desc":"","_seopress_robots_index":"","site-sidebar-layout":"default","site-content-layout":"default","ast-site-content-layout":"default","site-content-style":"default","site-sidebar-style":"default","ast-global-header-display":"","ast-banner-title-visibility":"","ast-main-header-display":"","ast-hfb-above-header-display":"","ast-hfb-below-header-display":"","ast-hfb-mobile-header-display":"","site-post-title":"","ast-breadcrumbs-content":"","ast-featured-img":"","footer-sml-layout":"","ast-disable-related-posts":"","theme-transparent-header-meta":"default","adv-header-id-meta":"","stick-header-meta":"default","header-above-stick-meta":"","header-main-stick-meta":"","header-below-stick-meta":"","astra-migrate-meta-layouts":"default","ast-page-background-enabled":"default","ast-page-background-meta":{"desktop":{"background-color":"","background-image":"","background-repeat":"repeat","background-position":"center center","background-size":"auto","background-attachment":"scroll","background-type":"","background-media":"","overlay-type":"","overlay-color":"","overlay-opacity":"","overlay-gradient":""},"tablet":{"background-color":"","background-image":"","background-repeat":"repeat","background-position":"center center","background-size":"auto","background-attachment":"scroll","background-type":"","background-media":"","overlay-type":"","overlay-color":"","overlay-opacity":"","overlay-gradient":""},"mobile":{"background-color":"","background-image":"","background-repeat":"repeat","background-position":"center center","background-size":"auto","background-attachment":"scroll","background-type":"","background-media":"","overlay-type":"","overlay-color":"","overlay-opacity":"","overlay-gradient":""}},"ast-content-background-meta":{"desktop":{"background-color":"var(--ast-global-color-5)","background-image":"","background-repeat":"repeat","background-position":"center center","background-size":"auto","background-attachment":"scroll","background-type":"","background-media":"","overlay-type":"","overlay-color":"","overlay-opacity":"","overlay-gradient":""},"tablet":{"background-color":"var(--ast-global-color-5)","background-image":"","background-repeat":"repeat","background-position":"center center","background-size":"auto","background-attachment":"scroll","background-type":"","background-media":"","overlay-type":"","overlay-color":"","overlay-opacity":"","overlay-gradient":""},"mobile":{"background-color":"var(--ast-global-color-5)","background-image":"","background-repeat":"repeat","background-position":"center center","background-size":"auto","background-attachment":"scroll","background-type":"","background-media":"","overlay-type":"","overlay-color":"","overlay-opacity":"","overlay-gradient":""}}},"product_brand":[],"product_cat":[156],"product_tag":[207],"class_list":{"0":"post-9277","1":"product","2":"type-product","3":"status-publish","4":"has-post-thumbnail","6":"product_cat-kinder-baby-textilien","7":"product_tag-motiv-karma-polizei","8":"product_shipping_class-paket-klein","9":"pa_farbe-schwarz","10":"pa_groesse-s","11":"pa_groesse-m","12":"pa_groesse-l","13":"pa_groesse-xl","14":"pa_groesse-xxl","15":"pa_groesse-xs","16":"pa_print-print-vorne","17":"pa_zielgruppe-kinder","18":"desktop-align-center","19":"tablet-align-center","20":"mobile-align-center","21":"ast-product-gallery-layout-vertical","22":"ast-product-single-variable","23":"ast-product-tabs-layout-vertical","24":"ast-qv-on-image","26":"first","27":"instock","28":"taxable","29":"shipping-taxable","30":"purchasable","31":"product-type-variable"},"acf":[],"_links":{"self":[{"href":"https:\/\/fashion4fans.com\/leichtmatrose\/wp-json\/wp\/v2\/product\/9277","targetHints":{"allow":["GET"]}}],"collection":[{"href":"https:\/\/fashion4fans.com\/leichtmatrose\/wp-json\/wp\/v2\/product"}],"about":[{"href":"https:\/\/fashion4fans.com\/leichtmatrose\/wp-json\/wp\/v2\/types\/product"}],"replies":[{"embeddable":true,"href":"https:\/\/fashion4fans.com\/leichtmatrose\/wp-json\/wp\/v2\/comments?post=9277"}],"version-history":[{"count":0,"href":"https:\/\/fashion4fans.com\/leichtmatrose\/wp-json\/wp\/v2\/product\/9277\/revisions"}],"wp:featuredmedia":[{"embeddable":true,"href":"https:\/\/fashion4fans.com\/leichtmatrose\/wp-json\/wp\/v2\/media\/9368"}],"wp:attachment":[{"href":"https:\/\/fashion4fans.com\/leichtmatrose\/wp-json\/wp\/v2\/media?parent=9277"}],"wp:term":[{"taxonomy":"product_brand","embeddable":true,"href":"https:\/\/fashion4fans.com\/leichtmatrose\/wp-json\/wp\/v2\/product_brand?post=9277"},{"taxonomy":"product_cat","embeddable":true,"href":"https:\/\/fashion4fans.com\/leichtmatrose\/wp-json\/wp\/v2\/product_cat?post=9277"},{"taxonomy":"product_tag","embeddable":true,"href":"https:\/\/fashion4fans.com\/leichtmatrose\/wp-json\/wp\/v2\/product_tag?post=9277"}],"curies":[{"name":"wp","href":"https:\/\/api.w.org\/{rel}","templated":true}]}}