{"id":9665,"date":"2021-10-03T13:17:19","date_gmt":"2021-10-03T11:17:19","guid":{"rendered":"https:\/\/fashion4fans.com\/leichtmatrose\/?post_type=product&#038;p=9665"},"modified":"2024-03-23T16:02:36","modified_gmt":"2024-03-23T15:02:36","slug":"organic-herren-t-shirt-motiv-leichtmatrose-glitzer","status":"publish","type":"product","link":"https:\/\/fashion4fans.com\/leichtmatrose\/shop\/organic-herren-t-shirt-motiv-leichtmatrose-glitzer\/","title":{"rendered":"Herren T-Shirt Motiv &#8220;leichtmatrose Glitzer&#8221;"},"content":{"rendered":"<div class=\"product-description\">\n<p>100% einlaufvorbehandelte Ringspun-Baumwolle | Kurz\u00e4rmeliges, ausgestelltes T-Shirt in unver\u00e4nderter 190-Gramm-Qualit\u00e4t\u00a0 | Zeitgem\u00e4\u00dfe Passform | Schlauchf\u00f6rmiger Schnitt | Schmaler Kragen aus Rippstrick | Kragenband im Nacken | Satin-Label | 100 % ringgesponnene Baumwolle | Single Jersey | Einlaufvorbehandelt | Strapazierf\u00e4higer Stoff | Weiche und ebenm\u00e4\u00dfige Oberfl\u00e4che |<\/p>\n<p><strong>Pflegehinweise:<\/strong><br \/>\n40 \u00b0C waschbar|B\u00fcgeln erlaubt|Trockner geeignet<\/p>\n<p><strong>Zusammensetzung:<\/strong><br \/>\n100% Baumwolle<\/p>\n<\/div>\n<div><\/div>\n<div><\/div>\n","protected":false},"excerpt":{"rendered":"<p>Cooles\u00a0 Shirt mit &#8220;leichtmatrose Glitzer&#8221;<\/p>\n","protected":false},"featured_media":9698,"comment_status":"open","ping_status":"closed","template":"","meta":{"_acf_changed":false,"_seopress_robots_primary_cat":"none","_seopress_titles_title":"","_seopress_titles_desc":"","_seopress_robots_index":"","site-sidebar-layout":"default","site-content-layout":"default","ast-site-content-layout":"default","site-content-style":"default","site-sidebar-style":"default","ast-global-header-display":"","ast-banner-title-visibility":"","ast-main-header-display":"","ast-hfb-above-header-display":"","ast-hfb-below-header-display":"","ast-hfb-mobile-header-display":"","site-post-title":"","ast-breadcrumbs-content":"","ast-featured-img":"","footer-sml-layout":"","ast-disable-related-posts":"","theme-transparent-header-meta":"default","adv-header-id-meta":"","stick-header-meta":"default","header-above-stick-meta":"","header-main-stick-meta":"","header-below-stick-meta":"","astra-migrate-meta-layouts":"default","ast-page-background-enabled":"default","ast-page-background-meta":{"desktop":{"background-color":"","background-image":"","background-repeat":"repeat","background-position":"center center","background-size":"auto","background-attachment":"scroll","background-type":"","background-media":"","overlay-type":"","overlay-color":"","overlay-opacity":"","overlay-gradient":""},"tablet":{"background-color":"","background-image":"","background-repeat":"repeat","background-position":"center center","background-size":"auto","background-attachment":"scroll","background-type":"","background-media":"","overlay-type":"","overlay-color":"","overlay-opacity":"","overlay-gradient":""},"mobile":{"background-color":"","background-image":"","background-repeat":"repeat","background-position":"center center","background-size":"auto","background-attachment":"scroll","background-type":"","background-media":"","overlay-type":"","overlay-color":"","overlay-opacity":"","overlay-gradient":""}},"ast-content-background-meta":{"desktop":{"background-color":"var(--ast-global-color-5)","background-image":"","background-repeat":"repeat","background-position":"center center","background-size":"auto","background-attachment":"scroll","background-type":"","background-media":"","overlay-type":"","overlay-color":"","overlay-opacity":"","overlay-gradient":""},"tablet":{"background-color":"var(--ast-global-color-5)","background-image":"","background-repeat":"repeat","background-position":"center center","background-size":"auto","background-attachment":"scroll","background-type":"","background-media":"","overlay-type":"","overlay-color":"","overlay-opacity":"","overlay-gradient":""},"mobile":{"background-color":"var(--ast-global-color-5)","background-image":"","background-repeat":"repeat","background-position":"center center","background-size":"auto","background-attachment":"scroll","background-type":"","background-media":"","overlay-type":"","overlay-color":"","overlay-opacity":"","overlay-gradient":""}}},"product_brand":[],"product_cat":[147,148],"product_tag":[177],"class_list":{"0":"post-9665","1":"product","2":"type-product","3":"status-publish","4":"has-post-thumbnail","6":"product_cat-shirts-tops","7":"product_cat-t-shirts","8":"product_tag-motiv-leichtmatrose","9":"product_shipping_class-paket-klein","10":"pa_farbe-schwarz","11":"pa_groesse-3xl","12":"pa_groesse-4xl","13":"pa_groesse-5xl","14":"pa_groesse-s","15":"pa_groesse-m","16":"pa_groesse-l","17":"pa_groesse-xl","18":"pa_groesse-xxl","19":"pa_print-print-vorne","20":"pa_zielgruppe-herren","21":"desktop-align-center","22":"tablet-align-center","23":"mobile-align-center","24":"ast-product-gallery-layout-vertical","25":"ast-product-gallery-with-no-image","26":"ast-product-single-variable","27":"ast-product-tabs-layout-vertical","28":"ast-qv-on-image","30":"first","31":"instock","32":"taxable","33":"shipping-taxable","34":"purchasable","35":"product-type-variable"},"acf":[],"_links":{"self":[{"href":"https:\/\/fashion4fans.com\/leichtmatrose\/wp-json\/wp\/v2\/product\/9665","targetHints":{"allow":["GET"]}}],"collection":[{"href":"https:\/\/fashion4fans.com\/leichtmatrose\/wp-json\/wp\/v2\/product"}],"about":[{"href":"https:\/\/fashion4fans.com\/leichtmatrose\/wp-json\/wp\/v2\/types\/product"}],"replies":[{"embeddable":true,"href":"https:\/\/fashion4fans.com\/leichtmatrose\/wp-json\/wp\/v2\/comments?post=9665"}],"version-history":[{"count":0,"href":"https:\/\/fashion4fans.com\/leichtmatrose\/wp-json\/wp\/v2\/product\/9665\/revisions"}],"wp:featuredmedia":[{"embeddable":true,"href":"https:\/\/fashion4fans.com\/leichtmatrose\/wp-json\/wp\/v2\/media\/9698"}],"wp:attachment":[{"href":"https:\/\/fashion4fans.com\/leichtmatrose\/wp-json\/wp\/v2\/media?parent=9665"}],"wp:term":[{"taxonomy":"product_brand","embeddable":true,"href":"https:\/\/fashion4fans.com\/leichtmatrose\/wp-json\/wp\/v2\/product_brand?post=9665"},{"taxonomy":"product_cat","embeddable":true,"href":"https:\/\/fashion4fans.com\/leichtmatrose\/wp-json\/wp\/v2\/product_cat?post=9665"},{"taxonomy":"product_tag","embeddable":true,"href":"https:\/\/fashion4fans.com\/leichtmatrose\/wp-json\/wp\/v2\/product_tag?post=9665"}],"curies":[{"name":"wp","href":"https:\/\/api.w.org\/{rel}","templated":true}]}}