{"id":9878,"date":"2022-02-01T10:01:27","date_gmt":"2022-02-01T09:01:27","guid":{"rendered":"https:\/\/fashion4fans.com\/leichtmatrose\/?post_type=product&#038;p=9878"},"modified":"2025-11-30T01:41:23","modified_gmt":"2025-11-30T00:41:23","slug":"organic-damen-t-shirt-mit-laengeren-aermel-motiv-leichtmatrose-glitzer","status":"publish","type":"product","link":"https:\/\/fashion4fans.com\/leichtmatrose\/shop\/organic-damen-t-shirt-mit-laengeren-aermel-motiv-leichtmatrose-glitzer\/","title":{"rendered":"Organic Damen T-Shirt mit l\u00e4ngeren \u00c4rmel Motiv &#8220;leichtmatrose Glitzer&#8221;"},"content":{"rendered":"<div class=\"product-subtitle\">Damen T-Shirt<\/div>\n<div class=\"product-specs\"><strong>Material:<\/strong> 155g\/m\u00b2, 100% gek\u00e4mmte ringgesponnene zertifizierte Bio-Baumwolle, Fair Trade, Single Jersey<\/div>\n<div class=\"product-description\">Breiter Rundhalsausschnitt, Nackenband, ellbogenlange \u00c4rmel, abgerundeter Saum unten<\/div>\n","protected":false},"excerpt":{"rendered":"<p>Tolles Organic Damen Shirt f\u00fcr alle die es am Arm gern etwas l\u00e4nger tragen<\/p>\n","protected":false},"featured_media":9940,"comment_status":"open","ping_status":"closed","template":"","meta":{"_acf_changed":false,"_seopress_robots_primary_cat":"none","_seopress_titles_title":"Sch\u00f6nes Organic Damen Shirt mit l\u00e4ngerem \u00c4rmel- Motiv leichtmatrose Glitzer","_seopress_titles_desc":"","_seopress_robots_index":"","site-sidebar-layout":"default","site-content-layout":"default","ast-site-content-layout":"default","site-content-style":"default","site-sidebar-style":"default","ast-global-header-display":"","ast-banner-title-visibility":"","ast-main-header-display":"","ast-hfb-above-header-display":"","ast-hfb-below-header-display":"","ast-hfb-mobile-header-display":"","site-post-title":"","ast-breadcrumbs-content":"","ast-featured-img":"","footer-sml-layout":"","ast-disable-related-posts":"","theme-transparent-header-meta":"default","adv-header-id-meta":"","stick-header-meta":"","header-above-stick-meta":"","header-main-stick-meta":"","header-below-stick-meta":"","astra-migrate-meta-layouts":"default","ast-page-background-enabled":"default","ast-page-background-meta":{"desktop":{"background-color":"","background-image":"","background-repeat":"repeat","background-position":"center center","background-size":"auto","background-attachment":"scroll","background-type":"","background-media":"","overlay-type":"","overlay-color":"","overlay-opacity":"","overlay-gradient":""},"tablet":{"background-color":"","background-image":"","background-repeat":"repeat","background-position":"center center","background-size":"auto","background-attachment":"scroll","background-type":"","background-media":"","overlay-type":"","overlay-color":"","overlay-opacity":"","overlay-gradient":""},"mobile":{"background-color":"","background-image":"","background-repeat":"repeat","background-position":"center center","background-size":"auto","background-attachment":"scroll","background-type":"","background-media":"","overlay-type":"","overlay-color":"","overlay-opacity":"","overlay-gradient":""}},"ast-content-background-meta":{"desktop":{"background-color":"var(--ast-global-color-5)","background-image":"","background-repeat":"repeat","background-position":"center center","background-size":"auto","background-attachment":"scroll","background-type":"","background-media":"","overlay-type":"","overlay-color":"","overlay-opacity":"","overlay-gradient":""},"tablet":{"background-color":"var(--ast-global-color-5)","background-image":"","background-repeat":"repeat","background-position":"center center","background-size":"auto","background-attachment":"scroll","background-type":"","background-media":"","overlay-type":"","overlay-color":"","overlay-opacity":"","overlay-gradient":""},"mobile":{"background-color":"var(--ast-global-color-5)","background-image":"","background-repeat":"repeat","background-position":"center center","background-size":"auto","background-attachment":"scroll","background-type":"","background-media":"","overlay-type":"","overlay-color":"","overlay-opacity":"","overlay-gradient":""}}},"product_brand":[],"product_cat":[148],"product_tag":[177],"class_list":{"0":"post-9878","1":"product","2":"type-product","3":"status-publish","4":"has-post-thumbnail","6":"product_cat-t-shirts","7":"product_tag-motiv-leichtmatrose","8":"product_shipping_class-paket-klein","9":"pa_farbe-schwarz","10":"pa_groesse-xxl","11":"pa_groesse-s","12":"pa_groesse-m","13":"pa_groesse-l","14":"pa_groesse-xl","15":"pa_print-print-vorne","16":"pa_zielgruppe-damen","17":"desktop-align-center","18":"tablet-align-center","19":"mobile-align-center","20":"ast-product-gallery-layout-vertical","21":"ast-product-single-variable","22":"ast-product-tabs-layout-vertical","23":"ast-qv-on-image","25":"first","26":"instock","27":"featured","28":"purchasable","29":"product-type-variable","30":"has-default-attributes"},"acf":[],"_links":{"self":[{"href":"https:\/\/fashion4fans.com\/leichtmatrose\/wp-json\/wp\/v2\/product\/9878","targetHints":{"allow":["GET"]}}],"collection":[{"href":"https:\/\/fashion4fans.com\/leichtmatrose\/wp-json\/wp\/v2\/product"}],"about":[{"href":"https:\/\/fashion4fans.com\/leichtmatrose\/wp-json\/wp\/v2\/types\/product"}],"replies":[{"embeddable":true,"href":"https:\/\/fashion4fans.com\/leichtmatrose\/wp-json\/wp\/v2\/comments?post=9878"}],"version-history":[{"count":0,"href":"https:\/\/fashion4fans.com\/leichtmatrose\/wp-json\/wp\/v2\/product\/9878\/revisions"}],"wp:featuredmedia":[{"embeddable":true,"href":"https:\/\/fashion4fans.com\/leichtmatrose\/wp-json\/wp\/v2\/media\/9940"}],"wp:attachment":[{"href":"https:\/\/fashion4fans.com\/leichtmatrose\/wp-json\/wp\/v2\/media?parent=9878"}],"wp:term":[{"taxonomy":"product_brand","embeddable":true,"href":"https:\/\/fashion4fans.com\/leichtmatrose\/wp-json\/wp\/v2\/product_brand?post=9878"},{"taxonomy":"product_cat","embeddable":true,"href":"https:\/\/fashion4fans.com\/leichtmatrose\/wp-json\/wp\/v2\/product_cat?post=9878"},{"taxonomy":"product_tag","embeddable":true,"href":"https:\/\/fashion4fans.com\/leichtmatrose\/wp-json\/wp\/v2\/product_tag?post=9878"}],"curies":[{"name":"wp","href":"https:\/\/api.w.org\/{rel}","templated":true}]}}