{"id":711,"date":"2026-04-21T12:29:01","date_gmt":"2026-04-21T12:29:01","guid":{"rendered":"https:\/\/fashion4fans.com\/sos\/impressum\/"},"modified":"2026-04-21T14:29:01","modified_gmt":"2026-04-21T12:29:01","slug":"impressum","status":"publish","type":"page","link":"https:\/\/fashion4fans.com\/sos\/impressum\/","title":{"rendered":"Impressum"},"content":{"rendered":"\t\t<div data-elementor-type=\"wp-post\" data-elementor-id=\"711\" class=\"elementor elementor-711\" data-elementor-post-type=\"page\">\n\t\t\t\t\t\t<section class=\"elementor-section elementor-top-section elementor-element elementor-element-171caad elementor-section-boxed elementor-section-height-default elementor-section-height-default\" data-id=\"171caad\" data-element_type=\"section\" data-e-type=\"section\">\n\t\t\t\t\t\t<div class=\"elementor-container elementor-column-gap-default\">\n\t\t\t\t\t<div class=\"elementor-column elementor-col-100 elementor-top-column elementor-element elementor-element-f350b88\" data-id=\"f350b88\" data-element_type=\"column\" data-e-type=\"column\">\n\t\t\t<div class=\"elementor-widget-wrap elementor-element-populated\">\n\t\t\t\t\t\t<div class=\"elementor-element elementor-element-bec710c elementor-widget elementor-widget-heading\" data-id=\"bec710c\" data-element_type=\"widget\" data-e-type=\"widget\" data-widget_type=\"heading.default\">\n\t\t\t\t<div class=\"elementor-widget-container\">\n\t\t\t\t\t<h1 class=\"elementor-heading-title elementor-size-default\">Impressum: Merch-Shop von S.O.S. STORMTROOPERS of SCHEVH\u00d6TT<\/h1>\t\t\t\t<\/div>\n\t\t\t\t<\/div>\n\t\t\t\t<div class=\"elementor-element elementor-element-b97a5c2 elementor-widget elementor-widget-shortcode\" data-id=\"b97a5c2\" data-element_type=\"widget\" data-e-type=\"widget\" data-widget_type=\"shortcode.default\">\n\t\t\t\t<div class=\"elementor-widget-container\">\n\t\t\t\t\t\t\t<div class=\"elementor-shortcode\"><div  class=\"agb_content agb_imprint  notranslate\"><div>Kathrin Fest<br \/>\nfashion4fans<br \/>\nDr.-Sonnenschein-Str. 55<br \/>\n33161 H&ouml;velhof<br \/>\nDeutschland<br \/>\n<br \/>\nTel.: +49\/ (0)5257 &ndash; 925 4830<br \/>\nE-Mail: info@fashion4fans.com<br \/>\n<br \/>\nUmsatzsteuer-Identifikationsnummer: DE278613577<br \/>\n<br \/>\nWir sind zur Teilnahme an einem Streitbeilegungsverfahren vor einer Verbraucherschlichtungsstelle weder verpflichtet noch bereit.<br \/>\n<br \/>\nMitglied der Initiative &quot;Fairness im Handel&quot;.<br \/>\nN&auml;here Informationen: <a target=\"_blank\" href=\"https:\/\/www.fairness-im-handel.de\">https:\/\/www.fairness-im-handel.de<\/a><\/div><div id=\"itkanzlei_txt_copyright\" style=\"font-size: 12px; margin-top: 8em;\"><p>Copyright-Hinweis: Dieses Impressum wurde von den Fachanw&auml;lten der IT-Recht Kanzlei erstellt und ist urheberrechtlich gesch&uuml;tzt (<a href=\"https:\/\/www.it-recht-kanzlei.de\/\" target=\"_blank\">https:\/\/www.it-recht-kanzlei.de<\/a>)<\/p><p>Stand: 21.04.2026, 14:28:56<\/p><p><\/p><div style=\"clear: right;\"><\/div><\/div><\/div><\/div>\n\t\t\t\t\t\t<\/div>\n\t\t\t\t<\/div>\n\t\t\t\t<div class=\"elementor-element elementor-element-ad245cf elementor-widget elementor-widget-heading\" data-id=\"ad245cf\" data-element_type=\"widget\" data-e-type=\"widget\" data-widget_type=\"heading.default\">\n\t\t\t\t<div class=\"elementor-widget-container\">\n\t\t\t\t\t<h2 class=\"elementor-heading-title elementor-size-default\">Rechtlich verantwortlich f\u00fcr die Merch-Motive und f\u00fcr Designvorgaben sind:<\/h2>\t\t\t\t<\/div>\n\t\t\t\t<\/div>\n\t\t\t\t<div class=\"elementor-element elementor-element-d10270e elementor-widget elementor-widget-text-editor\" data-id=\"d10270e\" data-element_type=\"widget\" data-e-type=\"widget\" data-widget_type=\"text-editor.default\">\n\t\t\t\t<div class=\"elementor-widget-container\">\n\t\t\t\t\t\t\t\t\t<p>Guido Weiland \/ Lydia Kaul<br \/>Langerweher Stra\u00dfe 21<br \/>52224 Stolberg<\/p><p>Tel: +49 (0) 171 5843446<br \/>E-mail:\u00a0<a href=\"mailto:stormtroopers@genial.ms\">stormtroopers@genial.ms<\/a><\/p>\t\t\t\t\t\t\t\t<\/div>\n\t\t\t\t<\/div>\n\t\t\t\t\t<\/div>\n\t\t<\/div>\n\t\t\t\t\t<\/div>\n\t\t<\/section>\n\t\t\t\t<\/div>\n\t\t","protected":false},"excerpt":{"rendered":"<p>Impressum: Merch-Shop von S.O.S. STORMTROOPERS of SCHEVH\u00d6TT Rechtlich verantwortlich f\u00fcr die Merch-Motive und f\u00fcr Designvorgaben sind: Guido Weiland \/ Lydia KaulLangerweher Stra\u00dfe 2152224 Stolberg Tel: +49 (0) 171 5843446E-mail:\u00a0stormtroopers@genial.ms<\/p>\n","protected":false},"author":1,"featured_media":0,"parent":0,"menu_order":0,"comment_status":"closed","ping_status":"closed","template":"","meta":{"_acf_changed":false,"_seopress_robots_primary_cat":"","_seopress_titles_title":"","_seopress_titles_desc":"","_seopress_robots_index":"","site-sidebar-layout":"no-sidebar","site-content-layout":"page-builder","ast-site-content-layout":"default","site-content-style":"default","site-sidebar-style":"default","ast-global-header-display":"","ast-banner-title-visibility":"","ast-main-header-display":"","ast-hfb-above-header-display":"","ast-hfb-below-header-display":"","ast-hfb-mobile-header-display":"","site-post-title":"disabled","ast-breadcrumbs-content":"","ast-featured-img":"disabled","footer-sml-layout":"","ast-disable-related-posts":"","theme-transparent-header-meta":"enabled","adv-header-id-meta":"","stick-header-meta":"default","header-above-stick-meta":"","header-main-stick-meta":"","header-below-stick-meta":"","astra-migrate-meta-layouts":"default","ast-page-background-enabled":"default","ast-page-background-meta":{"desktop":{"background-color":"","background-image":"","background-repeat":"repeat","background-position":"center center","background-size":"auto","background-attachment":"scroll","background-type":"","background-media":"","overlay-type":"","overlay-color":"","overlay-opacity":"","overlay-gradient":""},"tablet":{"background-color":"","background-image":"","background-repeat":"repeat","background-position":"center center","background-size":"auto","background-attachment":"scroll","background-type":"","background-media":"","overlay-type":"","overlay-color":"","overlay-opacity":"","overlay-gradient":""},"mobile":{"background-color":"","background-image":"","background-repeat":"repeat","background-position":"center center","background-size":"auto","background-attachment":"scroll","background-type":"","background-media":"","overlay-type":"","overlay-color":"","overlay-opacity":"","overlay-gradient":""}},"ast-content-background-meta":{"desktop":{"background-color":"var(--ast-global-color-5)","background-image":"","background-repeat":"repeat","background-position":"center center","background-size":"auto","background-attachment":"scroll","background-type":"","background-media":"","overlay-type":"","overlay-color":"","overlay-opacity":"","overlay-gradient":""},"tablet":{"background-color":"var(--ast-global-color-5)","background-image":"","background-repeat":"repeat","background-position":"center center","background-size":"auto","background-attachment":"scroll","background-type":"","background-media":"","overlay-type":"","overlay-color":"","overlay-opacity":"","overlay-gradient":""},"mobile":{"background-color":"var(--ast-global-color-5)","background-image":"","background-repeat":"repeat","background-position":"center center","background-size":"auto","background-attachment":"scroll","background-type":"","background-media":"","overlay-type":"","overlay-color":"","overlay-opacity":"","overlay-gradient":""}},"footnotes":""},"class_list":["post-711","page","type-page","status-publish","hentry"],"acf":[],"_links":{"self":[{"href":"https:\/\/fashion4fans.com\/sos\/wp-json\/wp\/v2\/pages\/711","targetHints":{"allow":["GET"]}}],"collection":[{"href":"https:\/\/fashion4fans.com\/sos\/wp-json\/wp\/v2\/pages"}],"about":[{"href":"https:\/\/fashion4fans.com\/sos\/wp-json\/wp\/v2\/types\/page"}],"author":[{"embeddable":true,"href":"https:\/\/fashion4fans.com\/sos\/wp-json\/wp\/v2\/users\/1"}],"replies":[{"embeddable":true,"href":"https:\/\/fashion4fans.com\/sos\/wp-json\/wp\/v2\/comments?post=711"}],"version-history":[{"count":1,"href":"https:\/\/fashion4fans.com\/sos\/wp-json\/wp\/v2\/pages\/711\/revisions"}],"predecessor-version":[{"id":6396,"href":"https:\/\/fashion4fans.com\/sos\/wp-json\/wp\/v2\/pages\/711\/revisions\/6396"}],"wp:attachment":[{"href":"https:\/\/fashion4fans.com\/sos\/wp-json\/wp\/v2\/media?parent=711"}],"curies":[{"name":"wp","href":"https:\/\/api.w.org\/{rel}","templated":true}]}}